{"id":4257,"date":"2022-04-19T16:04:35","date_gmt":"2022-04-19T16:04:35","guid":{"rendered":"http:\/\/nebn.perceptibleinc.com\/?page_id=4257"},"modified":"2022-05-01T19:31:09","modified_gmt":"2022-05-01T19:31:09","slug":"legal-privacy","status":"publish","type":"page","link":"https:\/\/nebnetwork.org\/fr\/legal-privacy\/","title":{"rendered":"Mentions l\u00e9gales \/ Confidentialit\u00e9"},"content":{"rendered":"<p><strong>D\u00c9CLARATION<\/strong><\/p>\n<p>Le R\u00e9seau de la biosph\u00e8re de l'escarpement du Niagara (NEBN) s'engage \u00e0 prot\u00e9ger la confidentialit\u00e9 et les informations personnelles qui nous sont confi\u00e9es par nos donateurs, sympathisants, b\u00e9n\u00e9voles, employ\u00e9s et membres du conseil d'administration. Les informations personnelles seront utilis\u00e9es uniquement aux fins pour lesquelles elles ont \u00e9t\u00e9 collect\u00e9es.<\/p>\n<p>La d\u00e9claration d\u00e9crit les politiques et pratiques \u00e0 suivre pour prot\u00e9ger vos informations personnelles sur la base des exigences de la Loi sur la protection des renseignements personnels et les documents \u00e9lectroniques (LPRPDE). En utilisant notre site Web, en vous abonnant \u00e0 notre newsletter, en faisant un don ou en demandant des informations, vous acceptez la collecte et l'utilisation d'informations conform\u00e9ment \u00e0 la pr\u00e9sente politique de confidentialit\u00e9.<\/p>\n<p><strong>INFORMATIONS PERSONNELLES<\/strong><\/p>\n<p>Lors de l'utilisation de notre site, nous pouvons vous demander de nous fournir certaines informations personnelles. Les informations personnelles sont toute information pouvant \u00eatre utilis\u00e9e pour vous identifier. Cela peut inclure, sans toutefois s'y limiter, votre nom, votre adresse e-mail et vos informations sur les dons.<br \/>\nSi vous avez besoin d'acc\u00e9der aux informations personnelles que nous avons enregistr\u00e9es pour vous, veuillez nous contacter avec votre demande.<\/p>\n<p><strong>COLLECTE ET CONSENTEMENT<\/strong><\/p>\n<p>NEBN demandera le consentement pour collecter, utiliser ou divulguer les informations personnelles d\u2019un individu, sauf dans des circonstances sp\u00e9cifiques o\u00f9 la divulgation d\u2019informations sans consentement est requise par la loi. Les informations doivent \u00eatre utilis\u00e9es aux fins pour lesquelles les informations ont \u00e9t\u00e9 collect\u00e9es, le consentement sera obtenu avant d'utiliser les informations personnelles pour toute autre utilisation. L'Organisation ne divulguera aucune information \u00e0 des tiers.<\/p>\n<p>Un abonn\u00e9 peut retirer son consentement \u00e0 la collecte, \u00e0 l'utilisation et \u00e0 la divulgation de renseignements personnels \u00e0 tout moment, \u00e9tant entendu que cette action peut entraver ou emp\u00eacher la fourniture du service par l'Organisation. Comme de nombreux op\u00e9rateurs de sites, nous collectons les informations que votre navigateur envoie chaque fois que vous visitez notre site (\u00ab Donn\u00e9es de journal \u00bb). Ces donn\u00e9es de journal peuvent inclure des informations telles que l'adresse de protocole Internet (\u00ab IP \u00bb) de votre ordinateur, le type de navigateur, la version du navigateur, les pages de notre site que vous visitez, l'heure et la date de votre visite, le temps pass\u00e9 sur ces pages, et d'autres statistiques.<\/p>\n<p><strong>COMMUNICATION<\/strong><\/p>\n<p>Nous pouvons utiliser vos informations personnelles pour vous contacter avec des newsletters, du mat\u00e9riel marketing ou promotionnel et d'autres informations si vous \u00eates abonn\u00e9 \u00e0 notre liste de diffusion ou si vous avez fait un don \u00e0 notre organisation.<\/p>\n<p><strong>DONN\u00c9ES DES ABONN\u00c9S<\/strong><\/p>\n<p>Notre newsletter num\u00e9rique et nos campagnes par e-mail sont g\u00e9r\u00e9es \u00e0 l'aide de Mailchimp. Mailchimp collecte les donn\u00e9es des abonn\u00e9s, notamment les informations sur les appareils et les donn\u00e9es d'utilisation. Nous utilisons ces informations uniquement \u00e0 des fins statistiques et ne partagerons aucune de ces donn\u00e9es. Vous pouvez vous d\u00e9sinscrire de notre liste de diffusion \u00e0 tout moment en cliquant sur le lien de d\u00e9sabonnement au bas de nos newsletters num\u00e9riques ou en nous envoyant un courriel \u00e0 info@plentycanada.com. Pour plus d'informations sur les donn\u00e9es collect\u00e9es par Mailchimp, veuillez consulter leur politique de confidentialit\u00e9: https:\/\/ mailchimp.com\/legal\/privacy\/<\/p>\n<p><strong>LIENS VERS D'AUTRES SITES WEB<\/strong><\/p>\n<p>Notre site Web contient des liens vers une vari\u00e9t\u00e9 d\u2019autres sites Web, NEBN n\u2019assume aucune responsabilit\u00e9 quant \u00e0 ces sites tiers. Veuillez vous r\u00e9f\u00e9rer au site Web sp\u00e9cifique pour obtenir des informations concernant leurs propres politiques de confidentialit\u00e9.<\/p>\n<p><strong>BISCUITS<\/strong><\/p>\n<p>Les cookies sont des fichiers contenant de petites quantit\u00e9s de donn\u00e9es, qui peuvent inclure un identifiant unique anonyme. Les cookies sont envoy\u00e9s \u00e0 votre navigateur depuis un site Web et stock\u00e9s sur le disque dur de votre ordinateur. Comme de nombreux sites, nous pouvons utiliser des \u00ab cookies \u00bb pour collecter des informations. Vous pouvez demander \u00e0 votre navigateur de refuser tous les cookies ou d'indiquer lorsqu'un cookie est envoy\u00e9. Cependant, si vous n'acceptez pas les cookies, vous ne pourrez peut-\u00eatre pas utiliser certaines parties de notre site.<\/p>\n<p><strong>S\u00c9CURIT\u00c9<\/strong><\/p>\n<p>La s\u00e9curit\u00e9 de vos informations personnelles est importante pour nous, NEBN prendra toutes les mesures raisonnables pour prot\u00e9ger les informations personnelles et emp\u00eacher leur dommage, leur mauvaise utilisation, leur perte, leur vol ou leur modification non autoris\u00e9e. L'acc\u00e8s aux renseignements personnels sera limit\u00e9 au personnel et aux b\u00e9n\u00e9voles qui en ont besoin pour poursuivre les objectifs de l'Organisation. Des mesures de s\u00e9curit\u00e9 physique telles qu'un acc\u00e8s contr\u00f4l\u00e9, des armoires verrouill\u00e9es et le d\u00e9chiquetage d'anciens fichiers, ainsi que des mesures de cybers\u00e9curit\u00e9, notamment un r\u00e9seau s\u00e9curis\u00e9, une protection par mot de passe et le cryptage des donn\u00e9es, seront utilis\u00e9es pour garantir la s\u00e9curit\u00e9 des informations personnelles. Bien que nous nous efforcions d'utiliser des moyens commercialement acceptables pour prot\u00e9ger vos informations personnelles, nous ne pouvons garantir leur s\u00e9curit\u00e9 absolue.<\/p>\n<p><strong>MODIFICATIONS APPORT\u00c9ES \u00c0 CETTE POLITIQUE DE CONFIDENTIALIT\u00c9<\/strong><\/p>\n<p>Cette politique de confidentialit\u00e9 entre en vigueur (avril 2022) et restera en vigueur, sauf en ce qui concerne toute modification de ses dispositions \u00e0 l'avenir, qui entrera en vigueur imm\u00e9diatement apr\u00e8s sa publication sur cette page. Nous nous r\u00e9servons le droit de mettre \u00e0 jour ou de modifier notre politique de confidentialit\u00e9 \u00e0 tout moment et vous devez v\u00e9rifier cette politique de confidentialit\u00e9 p\u00e9riodiquement. Votre utilisation continue du Service apr\u00e8s que nous ayons publi\u00e9 des modifications \u00e0 la Politique de confidentialit\u00e9 sur cette page constituera votre reconnaissance des modifications et votre consentement \u00e0 respecter et \u00e0 \u00eatre li\u00e9 par la Politique de confidentialit\u00e9 modifi\u00e9e. Si nous apportons des modifications importantes \u00e0 cette politique de confidentialit\u00e9, un avis sera plac\u00e9 bien en \u00e9vidence sur notre site Web.<\/p>\n<p><strong>CONTACTEZ-NOUS<\/strong><br \/>\nSi vous avez des questions concernant cette politique de confidentialit\u00e9, veuillez nous contacter \u00e0 info@plentycanada.com.<\/p>","protected":false},"excerpt":{"rendered":"<p>STATEMENT Niagara Escarpment Biosphere Network (NEBN) is committed to safeguarding the privacy and personal information entrusted to us by our donors, supporters, volunteers, employees, and board members. Personal information will only be used for the purpose for which it was collected. The statement outlines the policies and practices to be followed to protect your personal [&hellip;]<\/p>","protected":false},"author":1,"featured_media":0,"parent":0,"menu_order":0,"comment_status":"closed","ping_status":"closed","template":"","meta":{"_acf_changed":false,"footnotes":""},"class_list":["post-4257","page","type-page","status-publish","hentry"],"acf":[],"_links":{"self":[{"href":"https:\/\/nebnetwork.org\/fr\/wp-json\/wp\/v2\/pages\/4257","targetHints":{"allow":["GET"]}}],"collection":[{"href":"https:\/\/nebnetwork.org\/fr\/wp-json\/wp\/v2\/pages"}],"about":[{"href":"https:\/\/nebnetwork.org\/fr\/wp-json\/wp\/v2\/types\/page"}],"author":[{"embeddable":true,"href":"https:\/\/nebnetwork.org\/fr\/wp-json\/wp\/v2\/users\/1"}],"replies":[{"embeddable":true,"href":"https:\/\/nebnetwork.org\/fr\/wp-json\/wp\/v2\/comments?post=4257"}],"version-history":[{"count":2,"href":"https:\/\/nebnetwork.org\/fr\/wp-json\/wp\/v2\/pages\/4257\/revisions"}],"predecessor-version":[{"id":4301,"href":"https:\/\/nebnetwork.org\/fr\/wp-json\/wp\/v2\/pages\/4257\/revisions\/4301"}],"wp:attachment":[{"href":"https:\/\/nebnetwork.org\/fr\/wp-json\/wp\/v2\/media?parent=4257"}],"curies":[{"name":"wp","href":"https:\/\/api.w.org\/{rel}","templated":true}]}}