{"id":4159,"date":"2022-04-18T19:25:20","date_gmt":"2022-04-18T19:25:20","guid":{"rendered":"http:\/\/nebn.perceptibleinc.com\/?page_id=4159"},"modified":"2026-02-20T13:39:47","modified_gmt":"2026-02-20T13:39:47","slug":"nebn-home","status":"publish","type":"page","link":"https:\/\/nebnetwork.org\/fr\/","title":{"rendered":"NEBN Home"},"content":{"rendered":"<div class=\"wp-block-cwb-layout-block p-0 my-0 bg-cover home-hero-bg\" style=\"background:url(https:\/\/nebnetwork.org\/wp-content\/uploads\/2022\/04\/Home_header-web.jpg);margin:0px;padding:0px;width:100%;position:relative\"><div style=\"top:0;left:0;width:100%;height:100%;position:absolute\"><\/div><div class=\"\" style=\"position:relative\">\n<div style=\"height:65vh\" aria-hidden=\"true\" class=\"wp-block-spacer\"><\/div>\n\n\n\n<div class=\"wp-block-cwb-layout-block p-0 my-0 text-white py-5 d-none d-md-block\" style=\"background:rgba(0,0,0,0.56);margin:0px;padding:0px;width:100%;position:relative\"><div style=\"top:0;left:0;width:100%;height:100%;position:absolute\"><\/div><div class=\"container px-0\" style=\"position:relative\">\n<p style=\"font-size:16px\"><span class=\"f-sz-40\">La Biosph\u00e8re de l\u2019Escarpement du Niagara<\/span> constitue une vaste \u00e9tendue de terres foresti\u00e8res situ\u00e9es dans le centre-sud de l\u2019Ontario ; elle comprend deux biomes majeurs, des for\u00eats bor\u00e9ales de feuillus et des for\u00eats de feuillus temp\u00e9r\u00e9es. La biosph\u00e8re demeure l\u2019un des paysages les plus pittoresques de l\u2019Ontario et offre un m\u00e9lange d\u2019environnements naturels et urbains \u00e0 la fois. Les objectifs principaux de la Biosph\u00e8re sont de pr\u00e9server la diversit\u00e9 \u00e9cologique de la r\u00e9gion, d\u2019encourager les partenaires communautaires \u00e0 utiliser des pratiques viables et d\u2019assurer le maintien des relations socioculturelles par le biais de programmes \u00e9ducatifs et du tourisme. <strong> <a class=\"f-sans f-white icon--link-arrow\" href=\"http:\/\/nebn.perceptibleinc.com\/history\/\" data-type=\"page\" data-id=\"4128\">LEARN MORE<\/a><\/strong><\/p>\n\n\n\n<p class=\"py-0 my-0 f-sans has-small-font-size\">All photos \u00a9MarkZelinski.com<\/p>\n<\/div><\/div>\n<\/div><\/div>\n\n\n\n<div style=\"height:10px\" aria-hidden=\"true\" class=\"wp-block-spacer my-0 bg-secondary d-md-none\"><\/div>\n\n\n\n<div class=\"wp-block-cwb-layout-block p-0 my-0 text-white py-5 d-md-none\" style=\"background:rgba(0,0,0,0.73);margin:0px;padding:0px;width:100%\"><div class=\"container\">\n\n<p style=\"font-size:16px\"><span class=\"f-sz-40\">La Biosph\u00e8re de l\u2019Escarpement du Niagara<\/span> constitue une vaste \u00e9tendue de terres foresti\u00e8res situ\u00e9es dans le centre-sud de l\u2019Ontario ; elle comprend deux biomes majeurs, des for\u00eats bor\u00e9ales de feuillus et des for\u00eats de feuillus temp\u00e9r\u00e9es. La biosph\u00e8re demeure l\u2019un des paysages les plus pittoresques de l\u2019Ontario et offre un m\u00e9lange d\u2019environnements naturels et urbains \u00e0 la fois. Les objectifs principaux de la Biosph\u00e8re sont de pr\u00e9server la diversit\u00e9 \u00e9cologique de la r\u00e9gion, d\u2019encourager les partenaires communautaires \u00e0 utiliser des pratiques viables et d\u2019assurer le maintien des relations socioculturelles par le biais de programmes \u00e9ducatifs et du tourisme. <strong> <a class=\"f-sans f-white icon--link-arrow\" href=\"http:\/\/nebn.perceptibleinc.com\/history\/\" data-type=\"page\" data-id=\"4128\">LEARN MORE<\/a><\/strong><\/p>\n\n\n<p class=\"py-0 my-0 f-sans has-small-font-size\">All photos \u00a9MarkZelinski.com<\/p>\n\n<\/div><\/div>\n\n\n\n<div style=\"height:10px\" aria-hidden=\"true\" class=\"wp-block-spacer my-0 bg-secondary\"><\/div>","protected":false},"excerpt":{"rendered":"","protected":false},"author":1,"featured_media":0,"parent":0,"menu_order":0,"comment_status":"closed","ping_status":"closed","template":"p-gutenberg-page.php","meta":{"_acf_changed":false,"footnotes":""},"class_list":["post-4159","page","type-page","status-publish","hentry"],"acf":[],"_links":{"self":[{"href":"https:\/\/nebnetwork.org\/fr\/wp-json\/wp\/v2\/pages\/4159","targetHints":{"allow":["GET"]}}],"collection":[{"href":"https:\/\/nebnetwork.org\/fr\/wp-json\/wp\/v2\/pages"}],"about":[{"href":"https:\/\/nebnetwork.org\/fr\/wp-json\/wp\/v2\/types\/page"}],"author":[{"embeddable":true,"href":"https:\/\/nebnetwork.org\/fr\/wp-json\/wp\/v2\/users\/1"}],"replies":[{"embeddable":true,"href":"https:\/\/nebnetwork.org\/fr\/wp-json\/wp\/v2\/comments?post=4159"}],"version-history":[{"count":39,"href":"https:\/\/nebnetwork.org\/fr\/wp-json\/wp\/v2\/pages\/4159\/revisions"}],"predecessor-version":[{"id":4970,"href":"https:\/\/nebnetwork.org\/fr\/wp-json\/wp\/v2\/pages\/4159\/revisions\/4970"}],"wp:attachment":[{"href":"https:\/\/nebnetwork.org\/fr\/wp-json\/wp\/v2\/media?parent=4159"}],"curies":[{"name":"wp","href":"https:\/\/api.w.org\/{rel}","templated":true}]}}