{"id":4134,"date":"2022-04-18T18:40:06","date_gmt":"2022-04-18T18:40:06","guid":{"rendered":"http:\/\/nebn.perceptibleinc.com\/?page_id=4134"},"modified":"2025-11-03T18:11:24","modified_gmt":"2025-11-03T18:11:24","slug":"governance","status":"publish","type":"page","link":"https:\/\/nebnetwork.org\/fr\/governance\/","title":{"rendered":"GOUVERNANCE"},"content":{"rendered":"<p>La Biosph\u00e8re de l'Escarpement du Niagara est g\u00e9r\u00e9e par le R\u00e9seau de la Biosph\u00e8re de l\u2019Escarpement du Niagara. Une infrastructure de gestion strat\u00e9gique renouvel\u00e9e a \u00e9t\u00e9 \u00e9labor\u00e9e en partenariat avec Plenty Canada. Le r\u00e9seau a mis sur pied un conseil d'administration bas\u00e9 sur un mod\u00e8le de co-gouvernance avec les Peuples Autochtones et qui comprend aussi un groupe diversifi\u00e9 de membres provenant du sud au nord, et du nord au sud de l'Escarpement du Niagara.<\/p>\n<p><img loading=\"lazy\" decoding=\"async\" class=\"alignnone wp-image-4208 size-large\" src=\"http:\/\/nebn.perceptibleinc.com\/wp-content\/uploads\/2022\/04\/capecroker-bruce-@markzelinski-1-web-1024x683.jpg\" alt=\"\" width=\"1024\" height=\"683\" srcset=\"https:\/\/nebnetwork.org\/wp-content\/uploads\/2022\/04\/capecroker-bruce-@markzelinski-1-web-1024x683.jpg 1024w, https:\/\/nebnetwork.org\/wp-content\/uploads\/2022\/04\/capecroker-bruce-@markzelinski-1-web-300x200.jpg 300w, https:\/\/nebnetwork.org\/wp-content\/uploads\/2022\/04\/capecroker-bruce-@markzelinski-1-web-18x12.jpg 18w, https:\/\/nebnetwork.org\/wp-content\/uploads\/2022\/04\/capecroker-bruce-@markzelinski-1-web-1536x1024.jpg 1536w, https:\/\/nebnetwork.org\/wp-content\/uploads\/2022\/04\/capecroker-bruce-@markzelinski-1-web-760x507.jpg 760w, https:\/\/nebnetwork.org\/wp-content\/uploads\/2022\/04\/capecroker-bruce-@markzelinski-1-web-2000x1334.jpg 2000w, https:\/\/nebnetwork.org\/wp-content\/uploads\/2022\/04\/capecroker-bruce-@markzelinski-1-web-1200x800.jpg 1200w, https:\/\/nebnetwork.org\/wp-content\/uploads\/2022\/04\/capecroker-bruce-@markzelinski-1-web.jpg 2020w\" sizes=\"auto, (max-width: 1024px) 100vw, 1024px\" \/><\/p>\n<h4><\/h4>\n<h4><strong>Conseil d'Administration<\/strong><\/h4>\n<p><strong>Charlene Winger-Jones<\/strong>, est co-pr\u00e9sidente du R\u00e9seau de la Biosph\u00e8re de l\u2019Escarpement du Niagara. Originaire de Neyaashiinigmiing, elle est une A\u00een\u00e9e, membre du Conseil H\u00e9r\u00e9ditaire, Marcheuse d'Eau (Water Walker) et Leader de la R\u00e9alit\u00e9 Climatique.<\/p>\n<p><strong>Victoria Serda<\/strong>,\u00a0Mino gezheb, I\u2019m\u00a0one of the\u00a0Co-Chairs of our nonprofit board along with Charlene,\u00a0and am a fourth generation friend and settler ally of the Anishnaabeg\u00a0around\u00a0Waussau-Gummauh, now known as\u00a0Georgian Bay. I live in Saukiing Anishnaabekiing (Saugeen Ojibway Nation territory) in\u00a0 Wiarton with my husband Jaime and daughter Corrina, both of Nahua descent, and grandson Creegan, who is a Band member of the Chippewas of Nawash Unceded First Nation. I have actively been a Climate Leader and Mentor in the Climate Reality Project since 2007, and sit on the board of the Canadian charity. I was honoured to receive the June Callwood Outstanding Achievement for Voluntarism in Ontario Award in 2013 and a Paul Harris Fellow award by the Southampton Rotary Club in 2017. I have a degree in democratic education and a post-graduate certificate in Indigenous Governance and Administration. Having helped found many organizations, such as the Bagida\u2019waad Alliance, SauGreen for the Environment, the Grey Bruce Sustainability Network, and the Niagara Escarpment Biosphere Network, I am happy to share my knowledge with others. I was also an elected Municipal Councillor in Saugeen Shores and a Strategic Advisor to the Band Council of the Chippewas of Saugeen First Nation. My heart is in nature \u2013 both with hiking around G\u2019chi\u00a0Bimadinaa\u00a0(the Niagara Escarpment) with my family,\u00a0and\u00a0hiking in wild places while reconnecting with All Our Relations around us.<\/p>\n<p><span class=\"s2\"><strong>Caley Patrick Nadjiwon Doran<\/strong>\u00a0<\/span><span class=\"s2\">est<\/span><span class=\"s2\"> originaire du territoire de Saukiing Anishinaabekiing et vit \u00e0 Sauble Beach. Il est Guide d'Interpr\u00e9tation Anishinaabe dans le cadre du programme d'Exp\u00e9riences Culturelles Anishinaabe du parc Cape Croker. Apr\u00e8s plus de 20 ans de carri\u00e8re dans l'industrie h\u00f4teli\u00e8re, \u00e0 la t\u00eate de nombreux restaurants et g\u00e9rant de grandes \u00e9quipes<\/span><span class=\"s2\">,<\/span><span class=\"s2\"> Caley a choisi une nouvelle voie li\u00e9e \u00e0 sa passion pour la Terre M\u00e8re ; il suit d\u00e9sormais les traces de ses anc\u00eatres. Vous trouverez Caley en train de guider des randonn\u00e9es, transmettant les connaissances bas\u00e9es sur le terrain dans toute la Nation Ojibway de Saugeen.<\/span><\/p>\n<p><strong>Kerry Kennedy<\/strong>une \u00e9ducatrice passionn\u00e9e, aime travailler et faire du b\u00e9n\u00e9volat aupr\u00e8s d'organisations locales dans la r\u00e9gion du Niagara et le long des rives du Lac Huron afin de prot\u00e9ger et r\u00e9habiliter les \u00e9cosyst\u00e8mes sains, tout en \u00e9duquant la prochaine g\u00e9n\u00e9ration de d\u00e9fenseurs de l'environnement. En collaboration avec le Centre C\u00f4tier du Lac Huron (Lake Huron Coastal Centre), elle coordonne le Corps de Jeunesse pour la Conservation C\u00f4ti\u00e8re (Coastal Conservation Youth Corps) pendant l\u2019\u00e9t\u00e9 ; durant l\u2019ann\u00e9e scolaire, elle travaille comme guide en plein air dans les centres d\u2019\u00e9ducation en plein air du Conseil Scolaire du District de Niagara (District School Board of Niagara). Rapprocher les gens et la nature sont des pr\u00e9occupations r\u00e9currentes \u00e0 travers ses r\u00f4les de Pr\u00e9sidente Sortante du Club de la Nature de Niagara Falls (Niagara Falls Nature Club) et ses efforts de conscientisation relatifs au Ruisseau Douze Miles (Twelve Mile Creek) ; de surcro\u00eet, Kerry fait du b\u00e9n\u00e9volat aupr\u00e8s de la section Niagara de Truite Illimit\u00e9e Canada (Trout Unlimited Canada). Elle est \u00e9galement membre du conseil d'administration du R\u00e9seau de la Biosph\u00e8re de l\u2019Escarpement du Niagara.<\/p>\n<p><strong>Annette Sandberg<\/strong> is a historical researcher and writer from Simcoe\u2014Grey County, Ontario. Her storytelling comes to life through her Live and Zoom presentations, creative writing, Guided hikes, and Nature photography of the ancient Niagara Escarpment and surrounding area. Annette grew up on the Niagara Escarpment on a 200-acre farm near the Blue Mountains and now resides in nearby Collingwood. Her love for the area developed as a child with curiosity and wonder of the earth, sky, and all living inhabitants of both the land and water. This has led her to research and document the ancient history of the Niagara Escarpment \u2013 Ontario\u2019s most prominent Land feature, starting with her 900km trek on the Bruce Trail from Queenston to Tobermory in 2016. In 1990, this ancient land formation was designated a World Biosphere Reserve by UNESCO\u00a0(United Nations Educational, Scientific and Cultural Organization).<\/p>\n<h5><strong>\u00c0 propos du Conseil d'Administration et de l'Organisation<\/strong><\/h5>\n<p>Le R\u00e9seau de la Biosph\u00e8re de l\u2019Escarpement du Niagara est une organisation sans but lucratif constitu\u00e9e en soci\u00e9t\u00e9 en vertu de la loi provinciale. Son conseil d\u2019administration est actuellement compos\u00e9 de membres du pr\u00e9c\u00e9dant Comit\u00e9 de Direction de la Transition, de membres de Plenty Canada qui soutiennent et conseillent le RBEN (NEBN) dans son d\u00e9veloppement, de membres qui ont une vaste exp\u00e9rience de l\u2019UNESCO et d\u2019autres personnes s\u00e9lectionn\u00e9es collectivement par le Conseil d\u2019Administration pour leurs comp\u00e9tences et leurs capacit\u00e9s \u00e0 servir nos buts et nos objectifs. Plusieurs postes suppl\u00e9mentaires restent \u00e0 pourvoir, ce qu'un sous-comit\u00e9 de Gouvernance et de Nomination fera, avec la participation de nos partenaires du r\u00e9seau. Le mandat du conseil d'administration est de trois ans. L\u2019engagement de l\u2019organisation est d\u2019\u00eatre aussi transparente que possible tout en veillant \u00e0 ce que le travail soit accompli efficacement, sans ing\u00e9rence politique, et qu\u2019elle refl\u00e8te la diversit\u00e9, l\u2019exp\u00e9rience, les comp\u00e9tences, le professionnalisme et la fonctionnalit\u00e9.<\/p>","protected":false},"excerpt":{"rendered":"<p>The Niagara Escarpment Biosphere is managed by the Niagara Escarpment Biosphere Network. A renewed strategic management infrastructure has been developed in partnership with Plenty Canada. The network has established a board of directors that is based upon a co-governance model with Indigenous peoples, and features a diverse group of members from along the Niagara Escarpment [&hellip;]<\/p>","protected":false},"author":1,"featured_media":0,"parent":0,"menu_order":0,"comment_status":"closed","ping_status":"closed","template":"p-inner-page.php","meta":{"_acf_changed":false,"footnotes":""},"class_list":["post-4134","page","type-page","status-publish","hentry"],"acf":[],"_links":{"self":[{"href":"https:\/\/nebnetwork.org\/fr\/wp-json\/wp\/v2\/pages\/4134","targetHints":{"allow":["GET"]}}],"collection":[{"href":"https:\/\/nebnetwork.org\/fr\/wp-json\/wp\/v2\/pages"}],"about":[{"href":"https:\/\/nebnetwork.org\/fr\/wp-json\/wp\/v2\/types\/page"}],"author":[{"embeddable":true,"href":"https:\/\/nebnetwork.org\/fr\/wp-json\/wp\/v2\/users\/1"}],"replies":[{"embeddable":true,"href":"https:\/\/nebnetwork.org\/fr\/wp-json\/wp\/v2\/comments?post=4134"}],"version-history":[{"count":25,"href":"https:\/\/nebnetwork.org\/fr\/wp-json\/wp\/v2\/pages\/4134\/revisions"}],"predecessor-version":[{"id":4956,"href":"https:\/\/nebnetwork.org\/fr\/wp-json\/wp\/v2\/pages\/4134\/revisions\/4956"}],"wp:attachment":[{"href":"https:\/\/nebnetwork.org\/fr\/wp-json\/wp\/v2\/media?parent=4134"}],"curies":[{"name":"wp","href":"https:\/\/api.w.org\/{rel}","templated":true}]}}