{"id":4132,"date":"2022-04-18T18:39:46","date_gmt":"2022-04-18T18:39:46","guid":{"rendered":"http:\/\/nebn.perceptibleinc.com\/?page_id=4132"},"modified":"2022-04-21T21:26:26","modified_gmt":"2022-04-21T21:26:26","slug":"engagement","status":"publish","type":"page","link":"https:\/\/nebnetwork.org\/fr\/engagement\/","title":{"rendered":"Engagement"},"content":{"rendered":"<p>Tenant en compte l\u2019historique de la Biosph\u00e8re de l\u2019Escarpement du Niagara, la premi\u00e8re \u00e9tape a \u00e9t\u00e9 de se connecter ou de renouer les liens avec tous les partenaires communautaires dans le but de leur expliquer la nouvelle vision et la nouvelle organisation du R\u00e9seau de la Biosph\u00e8re de l\u2019Escarpement du Niagara. Cette d\u00e9marche est suivie par le d\u00e9veloppement de relations ciblant les r\u00e9seaux dans divers secteurs (par exemple, la conservation, l\u2019environnement, les municipalit\u00e9s, les organisations non-gouvernementales, le tourisme, le secteur priv\u00e9, etc.) afin d\u2019\u00e9laborer des priorit\u00e9s strat\u00e9giques pour la Biosph\u00e8re de l\u2019Escarpement du Niagara.<\/p>\n<p><img loading=\"lazy\" decoding=\"async\" class=\"alignnone wp-image-4207 size-large\" src=\"http:\/\/nebn.perceptibleinc.com\/wp-content\/uploads\/2022\/04\/canoes-@markzelinski-1-web-1024x572.jpg\" alt=\"\" width=\"1024\" height=\"572\" srcset=\"https:\/\/nebnetwork.org\/wp-content\/uploads\/2022\/04\/canoes-@markzelinski-1-web-1024x572.jpg 1024w, https:\/\/nebnetwork.org\/wp-content\/uploads\/2022\/04\/canoes-@markzelinski-1-web-300x168.jpg 300w, https:\/\/nebnetwork.org\/wp-content\/uploads\/2022\/04\/canoes-@markzelinski-1-web-1536x858.jpg 1536w, https:\/\/nebnetwork.org\/wp-content\/uploads\/2022\/04\/canoes-@markzelinski-1-web-760x424.jpg 760w, https:\/\/nebnetwork.org\/wp-content\/uploads\/2022\/04\/canoes-@markzelinski-1-web-1200x670.jpg 1200w, https:\/\/nebnetwork.org\/wp-content\/uploads\/2022\/04\/canoes-@markzelinski-1-web-18x10.jpg 18w, https:\/\/nebnetwork.org\/wp-content\/uploads\/2022\/04\/canoes-@markzelinski-1-web.jpg 2020w\" sizes=\"auto, (max-width: 1024px) 100vw, 1024px\" \/><\/p>","protected":false},"excerpt":{"rendered":"<p>Considering the history of the Niagara Escarpment Biosphere, the first action will be to connect or reconnect with all stakeholders to explain the new vision and organization of the Niagara Escarpment Biosphere Network. This will be followed by the development of relations leading to networks of various sectors (e.g., conservation, environmental, municipal, Non-Government Organizations, tourism, [&hellip;]<\/p>","protected":false},"author":1,"featured_media":0,"parent":0,"menu_order":0,"comment_status":"closed","ping_status":"closed","template":"p-inner-page.php","meta":{"_acf_changed":false,"footnotes":""},"class_list":["post-4132","page","type-page","status-publish","hentry"],"acf":[],"_links":{"self":[{"href":"https:\/\/nebnetwork.org\/fr\/wp-json\/wp\/v2\/pages\/4132","targetHints":{"allow":["GET"]}}],"collection":[{"href":"https:\/\/nebnetwork.org\/fr\/wp-json\/wp\/v2\/pages"}],"about":[{"href":"https:\/\/nebnetwork.org\/fr\/wp-json\/wp\/v2\/types\/page"}],"author":[{"embeddable":true,"href":"https:\/\/nebnetwork.org\/fr\/wp-json\/wp\/v2\/users\/1"}],"replies":[{"embeddable":true,"href":"https:\/\/nebnetwork.org\/fr\/wp-json\/wp\/v2\/comments?post=4132"}],"version-history":[{"count":7,"href":"https:\/\/nebnetwork.org\/fr\/wp-json\/wp\/v2\/pages\/4132\/revisions"}],"predecessor-version":[{"id":4292,"href":"https:\/\/nebnetwork.org\/fr\/wp-json\/wp\/v2\/pages\/4132\/revisions\/4292"}],"wp:attachment":[{"href":"https:\/\/nebnetwork.org\/fr\/wp-json\/wp\/v2\/media?parent=4132"}],"curies":[{"name":"wp","href":"https:\/\/api.w.org\/{rel}","templated":true}]}}