{"id":4131,"date":"2022-04-18T18:39:41","date_gmt":"2022-04-18T18:39:41","guid":{"rendered":"http:\/\/nebn.perceptibleinc.com\/?page_id=4131"},"modified":"2022-04-21T21:29:23","modified_gmt":"2022-04-21T21:29:23","slug":"education","status":"publish","type":"page","link":"https:\/\/nebnetwork.org\/fr\/education\/","title":{"rendered":"\u00c9DUCATION"},"content":{"rendered":"<p>Gr\u00e2ce \u00e0 ses caract\u00e9ristiques \u00e9cologiques uniques et ses environnements diversifi\u00e9s (Woronchak, et al., 2020), la Biosph\u00e8re de l\u2019Escarpement du Niagara offre une grande diversit\u00e9 d\u2019opportunit\u00e9s \u00e9ducatives. Le but de l\u2019organisation est de cr\u00e9er des alliances avec les divers partenaires communautaires pour \u00e9duquer le public et la communaut\u00e9 \u00e9largie sur les efforts de conservation et de d\u00e9veloppement durable. La Biosph\u00e8re offre la chance de participer \u00e0 des activit\u00e9s \u00e9ducationnelles in-situ et ex-situ, dont la plupart correspondent aux objectifs des partenaires communautaires. Ces activit\u00e9s incluent:<\/p>\n<ul>\n<li>La Recherche Environnementale et Sociale<\/li>\n<li>La Collecte de Donn\u00e9es<\/li>\n<li>Les Initiatives de Conservation et l\u2019Int\u00e9grit\u00e9 de l\u2019Habitat<\/li>\n<li>Les Patrimoines Historiques et Contemporains des Nations et des Communaut\u00e9s de Peuples Autochtones<\/li>\n<li>Sensibilisation Communautaire<\/li>\n<li>L\u2019Engagement de la Jeunesse<\/li>\n<\/ul>\n<p>Avec le soutien et l\u2019engagement des partenaires communautaires, le R\u00e9seau de la Biosph\u00e8re de l\u2019Escarpement du Niagara proposera non seulement des activit\u00e9s \u00e9ducatives aux groupes pr\u00e9cit\u00e9s, mais leur soulignera \u00e9galement l\u2019importance de maintenir constamment la Biosph\u00e8re et la vaste biodiversit\u00e9 qui y vit. La Biosph\u00e8re de l\u2019Escarpement du Niagara constitue, \u00e0 date, la plus grande \u00e9tendue de terres foresti\u00e8res existantes en Ontario, y inclus les deux biomes cl\u00e9s (Woronchak, et al., 2020). Malgr\u00e9 l\u2019importance \u00e9cologique de la Biosph\u00e8re, celle-ci continue de faire face \u00e0 de nombreuses menaces de la part des humains. Les efforts visant \u00e0 soutenir la Biosph\u00e8re sont essentiels \u00e0 la pr\u00e9servation de sa diversit\u00e9 biologique et reposent sur l\u2019appui des partenaires communautaires.<\/p>","protected":false},"excerpt":{"rendered":"<p>The Niagara Escarpment Biosphere provides a variety of key educational opportunities with its unique ecological characteristics and diverse environments (Woronchak, et al., 2020). The goal of the organization is to formulate partnerships with various stakeholders to educate the public and broader community on sustainable development and conservation efforts. The Biosphere holds the opportunity for both [&hellip;]<\/p>","protected":false},"author":1,"featured_media":0,"parent":0,"menu_order":0,"comment_status":"closed","ping_status":"closed","template":"p-inner-page.php","meta":{"_acf_changed":false,"footnotes":""},"class_list":["post-4131","page","type-page","status-publish","hentry"],"acf":[],"_links":{"self":[{"href":"https:\/\/nebnetwork.org\/fr\/wp-json\/wp\/v2\/pages\/4131","targetHints":{"allow":["GET"]}}],"collection":[{"href":"https:\/\/nebnetwork.org\/fr\/wp-json\/wp\/v2\/pages"}],"about":[{"href":"https:\/\/nebnetwork.org\/fr\/wp-json\/wp\/v2\/types\/page"}],"author":[{"embeddable":true,"href":"https:\/\/nebnetwork.org\/fr\/wp-json\/wp\/v2\/users\/1"}],"replies":[{"embeddable":true,"href":"https:\/\/nebnetwork.org\/fr\/wp-json\/wp\/v2\/comments?post=4131"}],"version-history":[{"count":11,"href":"https:\/\/nebnetwork.org\/fr\/wp-json\/wp\/v2\/pages\/4131\/revisions"}],"predecessor-version":[{"id":4296,"href":"https:\/\/nebnetwork.org\/fr\/wp-json\/wp\/v2\/pages\/4131\/revisions\/4296"}],"wp:attachment":[{"href":"https:\/\/nebnetwork.org\/fr\/wp-json\/wp\/v2\/media?parent=4131"}],"curies":[{"name":"wp","href":"https:\/\/api.w.org\/{rel}","templated":true}]}}