{"id":4130,"date":"2022-04-18T18:39:30","date_gmt":"2022-04-18T18:39:30","guid":{"rendered":"http:\/\/nebn.perceptibleinc.com\/?page_id=4130"},"modified":"2026-03-04T05:48:19","modified_gmt":"2026-03-04T05:48:19","slug":"research","status":"publish","type":"page","link":"https:\/\/nebnetwork.org\/fr\/research\/","title":{"rendered":"RECHERCHE ET \u00c9VALUATION"},"content":{"rendered":"<p>Le R\u00e9seau de la Biosph\u00e8re de l\u2019Escarpement du Niagara, en tant qu\u2019organisation communautaire, pr\u00e9voit de d\u00e9velopper son propre r\u00e9seau de recherche et d\u2019\u00e9valuation, d\u2019acqu\u00e9rir des donn\u00e9es sur l\u2019\u00e9tat de la diversit\u00e9 biologique, les services \u00e9cosyst\u00e9miques, les actions relatives au changement climatique et les activit\u00e9s de conservation (y compris d\u2019Autres Mesures de Conservation Efficaces Propres \u00e0 Chaque Zone et les Zones-Cl\u00e9s de la Biodiversit\u00e9), et ce pour se pr\u00e9parer et fonctionner sur base de l\u2019\u00e9valuation p\u00e9riodique de l\u2019UNESCO de 2024.<\/p>\n<p>This project, being guided by Plenty Canada, will combine research findings with traditional Indigenous biodiversity knowledge for application in <a href=\"https:\/\/www.thegreatniagaraescarpment.ca\/\">The Great Niagara Escarpment Indigenous Cultural Map<\/a>. The process will identify the most urgent research and evaluation needs with all stakeholders, focusing on conservation, climate change action, and sustainable development within the buffer and transition zones of the Niagara Escarpment Biosphere.<\/p>\n<p>Parmi les partenaires, on retrouve : l\u2019Universit\u00e9 Brock, l\u2019Universit\u00e9 de Waterloo, l\u2019Universit\u00e9 de Guelph, l\u2019Universit\u00e9 McMaster, le Coll\u00e8ge Niagara, le Coll\u00e8ge Mohawk, les agences de recherche ax\u00e9e sur les Peuples Autochtones, ainsi que d\u2019autres organisations sans but lucratif.<\/p>","protected":false},"excerpt":{"rendered":"<p>The Niagara Escarpment Biosphere Network, as a community-led grassroots organization, plans to develop its research and evaluation network, acquire data on status of biological diversity, ecosystem services, climate change action, and conservation activities (including Other Effective Area-based Conservation Measures and Key Biodiversity Areas) to prepare and operate from the 2024 UNESCO periodic review. This project, [&hellip;]<\/p>","protected":false},"author":1,"featured_media":0,"parent":0,"menu_order":0,"comment_status":"closed","ping_status":"closed","template":"p-inner-page.php","meta":{"_acf_changed":false,"footnotes":""},"class_list":["post-4130","page","type-page","status-publish","hentry"],"acf":[],"_links":{"self":[{"href":"https:\/\/nebnetwork.org\/fr\/wp-json\/wp\/v2\/pages\/4130","targetHints":{"allow":["GET"]}}],"collection":[{"href":"https:\/\/nebnetwork.org\/fr\/wp-json\/wp\/v2\/pages"}],"about":[{"href":"https:\/\/nebnetwork.org\/fr\/wp-json\/wp\/v2\/types\/page"}],"author":[{"embeddable":true,"href":"https:\/\/nebnetwork.org\/fr\/wp-json\/wp\/v2\/users\/1"}],"replies":[{"embeddable":true,"href":"https:\/\/nebnetwork.org\/fr\/wp-json\/wp\/v2\/comments?post=4130"}],"version-history":[{"count":14,"href":"https:\/\/nebnetwork.org\/fr\/wp-json\/wp\/v2\/pages\/4130\/revisions"}],"predecessor-version":[{"id":5025,"href":"https:\/\/nebnetwork.org\/fr\/wp-json\/wp\/v2\/pages\/4130\/revisions\/5025"}],"wp:attachment":[{"href":"https:\/\/nebnetwork.org\/fr\/wp-json\/wp\/v2\/media?parent=4130"}],"curies":[{"name":"wp","href":"https:\/\/api.w.org\/{rel}","templated":true}]}}