{"id":4129,"date":"2022-04-18T18:39:22","date_gmt":"2022-04-18T18:39:22","guid":{"rendered":"http:\/\/nebn.perceptibleinc.com\/?page_id=4129"},"modified":"2024-05-31T18:21:24","modified_gmt":"2024-05-31T18:21:24","slug":"stakeholders","status":"publish","type":"page","link":"https:\/\/nebnetwork.org\/fr\/stakeholders\/","title":{"rendered":"LE PUBLIC ET LES PARTENAIRES SOCIAUX"},"content":{"rendered":"<p>We would like to acknowledge the constitutional rights affirmed in Section 35 of the 1982 Canadian Constitution Act for First Nation, M\u00e9tis, and Inuit peoples.<\/p>\n<p>The lands that comprise the Niagara Escarpment Biosphere traverse from Lake Ontario all the way to the tip of the Bruce (Saugeen) Peninsula, extending a total of 725+km (UNESCO, 2018). As such, there is a wide variety of relevant audiences and stakeholders to consider that reside in the Biosphere or surrounding areas. Looking specifically at communication and partnership opportunities available to further education and community interaction with the Biosphere, eight sectors were identified. These include:<\/p>\n<p>Key Rights Holders<\/p>\n<ul class=\"li-person li-primary\">\n<li>Les Nations et communaut\u00e9s autochtones<\/li>\n<\/ul>\n<p>Key Stakeholder Groups<\/p>\n<ul class=\"li-person li-primary\">\n<li>Les organismes d\u2019enseignement en plein-air<\/li>\n<li>Les municipalit\u00e9s et gouvernements r\u00e9gionaux<\/li>\n<li>Organisations de protection de la nature<\/li>\n<li>Les entreprises, soci\u00e9t\u00e9s et associations ind\u00e9pendantes<\/li>\n<li>Les organisations non-gouvernementales<\/li>\n<li>Les organisations, commissions and agences gouvernementales<\/li>\n<li>Les coll\u00e8ges et les universit\u00e9s<\/li>\n<\/ul>","protected":false},"excerpt":{"rendered":"<p>We would like to acknowledge the constitutional rights affirmed in Section 35 of the 1982 Canadian Constitution Act for First Nation, M\u00e9tis, and Inuit peoples. The lands that comprise the Niagara Escarpment Biosphere traverse from Lake Ontario all the way to the tip of the Bruce (Saugeen) Peninsula, extending a total of 725+km (UNESCO, 2018). [&hellip;]<\/p>","protected":false},"author":1,"featured_media":0,"parent":0,"menu_order":0,"comment_status":"closed","ping_status":"closed","template":"p-inner-page.php","meta":{"_acf_changed":false,"footnotes":""},"class_list":["post-4129","page","type-page","status-publish","hentry"],"acf":[],"_links":{"self":[{"href":"https:\/\/nebnetwork.org\/fr\/wp-json\/wp\/v2\/pages\/4129","targetHints":{"allow":["GET"]}}],"collection":[{"href":"https:\/\/nebnetwork.org\/fr\/wp-json\/wp\/v2\/pages"}],"about":[{"href":"https:\/\/nebnetwork.org\/fr\/wp-json\/wp\/v2\/types\/page"}],"author":[{"embeddable":true,"href":"https:\/\/nebnetwork.org\/fr\/wp-json\/wp\/v2\/users\/1"}],"replies":[{"embeddable":true,"href":"https:\/\/nebnetwork.org\/fr\/wp-json\/wp\/v2\/comments?post=4129"}],"version-history":[{"count":13,"href":"https:\/\/nebnetwork.org\/fr\/wp-json\/wp\/v2\/pages\/4129\/revisions"}],"predecessor-version":[{"id":4698,"href":"https:\/\/nebnetwork.org\/fr\/wp-json\/wp\/v2\/pages\/4129\/revisions\/4698"}],"wp:attachment":[{"href":"https:\/\/nebnetwork.org\/fr\/wp-json\/wp\/v2\/media?parent=4129"}],"curies":[{"name":"wp","href":"https:\/\/api.w.org\/{rel}","templated":true}]}}