{"id":4128,"date":"2022-04-18T18:39:16","date_gmt":"2022-04-18T18:39:16","guid":{"rendered":"http:\/\/nebn.perceptibleinc.com\/?page_id=4128"},"modified":"2023-09-18T14:57:28","modified_gmt":"2023-09-18T14:57:28","slug":"history","status":"publish","type":"page","link":"https:\/\/nebnetwork.org\/fr\/history\/","title":{"rendered":"HISTORIQUE"},"content":{"rendered":"<p>La Biosph\u00e8re de l\u2019Escarpement du Niagara est devenue une organisation non-gouvernementale \u00e0 but non lucratif en 2022. Le but de cette transition \u00e9tait de mieux assurer le lien entre la d\u00e9signation et les partenaires communautaires avec la Biosph\u00e8re et de cr\u00e9er un esprit de responsabilit\u00e9 partag\u00e9e entre ces groupes. Parmi les nombreux objectifs de la Biosph\u00e8re, l\u2019\u00e9ducation constitue l\u2019une des mobilisations les plus prioritaires, en plus d\u2019interagir avec le public et le sensibiliser aussi bien \u00e0 l\u2019\u00e9cologie qu\u2019aux enjeux environnementaux le long de l\u2019Escarpement du Niagara. Afin de promouvoir les desseins de la Biosph\u00e8re, l\u2019interaction avec le public quant \u00e0 l\u2019\u00e9ducation sur les efforts de conservation et le d\u00e9veloppement durable a \u00e9t\u00e9 identifi\u00e9e comme une priorit\u00e9.<\/p>\n<p>En cons\u00e9quence, le R\u00e9seau de la Biosph\u00e8re de l\u2019Escarpement du Niagara a \u00e9t\u00e9 cr\u00e9\u00e9 afin d\u2019\u00e9pauler la gestion de la Biosph\u00e8re de l\u2019Escarpement du Niagara en tant qu\u2019organisation locale dirig\u00e9e par la communaut\u00e9, et qui s\u2019efforce de r\u00e9pondre aux crit\u00e8res et normes requis par l\u2019Organisation des Nations-Unies pour l\u2019\u00c9ducation, la Science, et la Culture (UNESCO).<\/p>\n<p>Des progr\u00e8s importants sont en cours dans le but d\u2019assurer la durabilit\u00e9 de la Biosph\u00e8re de l\u2019Escarpement du Niagara, ainsi d\u00e9sign\u00e9e par l\u2019UNESCO, qui s\u2019\u00e9tend actuellement \u00e0 partir de l\u2019ouest du Niagara, puis au nord jusqu\u2019\u00e0 Tobermory, sur une longueur de plus de 725 kilom\u00e8tres. Avec le soutien d\u2019Environnement et Changement Climatique Canada, l\u2019organisation non-gouvernementale autochtone Plenty Canada collabore, favorise et aide au d\u00e9veloppement du R\u00e9seau de la Biosph\u00e8re de l\u2019Escarpement du Niagara.<\/p>\n<p>La Commission de l\u2019Escarpement du Niagara a transf\u00e9r\u00e9 son r\u00f4le et ses responsabilit\u00e9s li\u00e9s \u00e0 la gestion de la Biosph\u00e8re de l\u2019Escarpement du Niagara \u00e0 un Comit\u00e9 de Gouvernance Int\u00e9rimaire en 2019. Le Comit\u00e9 a par la suite entam\u00e9 sa collaboration directement avec Plenty Canada afin de r\u00e9activer le travail n\u00e9cessaire pour r\u00e9pondre aux crit\u00e8res et aux obligations prescripts par l\u2019UNESCO concernant la gestion des r\u00e9serves de la Biosph\u00e8re.<\/p>\n<p>En adoptant un mod\u00e8le organisationnel r\u00e9nov\u00e9 de la Biosph\u00e8re de l\u2019Escarpement du Niagara, l\u2019une des raisons avanc\u00e9es par l\u2019UNESCO \u00e9tait qu\u2019il n\u2019\u00e9tait plus appropri\u00e9 d\u2019en assurer la supervision au sein d\u2019une agence gouvernementale, \u00e0 savoir la Commission de l\u2019Escarpement du Niagara. En 2021, le Comit\u00e9 de Gouvernance Int\u00e9rimaire et Plenty Canada ont sign\u00e9 un protocole d\u2019entente afin de travailler ensemble au d\u00e9veloppement de cette nouvelle structure de co-gouvernance. Les travaux ont bien progress\u00e9 et en mars 2022, le R\u00e9seau de la Biosph\u00e8re de l\u2019Escarpement du Niagara a \u00e9t\u00e9 officiellement agr\u00e9\u00e9 en vertu de la r\u00e8glementation provinciale.<\/p>\n<p>Le R\u00e9seau est d\u00e9sormais l\u2019entit\u00e9 officielle travaillant sur le mandat et la d\u00e9signation de la Biosph\u00e8re de l\u2019Escarpement du Niagara.<\/p>","protected":false},"excerpt":{"rendered":"<p>The Niagara Escarpment Biosphere has transitioned to a non-governmental, not-for-profit organization. The purpose of this transition was to better connect the community and stakeholders with the biosphere and create a sense of shared responsibility among these groups. Among the Biosphere\u2019s many objectives, education remains one of the most prioritized efforts; to engage with the public [&hellip;]<\/p>","protected":false},"author":1,"featured_media":0,"parent":0,"menu_order":0,"comment_status":"closed","ping_status":"closed","template":"p-inner-page.php","meta":{"_acf_changed":false,"footnotes":""},"class_list":["post-4128","page","type-page","status-publish","hentry"],"acf":[],"_links":{"self":[{"href":"https:\/\/nebnetwork.org\/fr\/wp-json\/wp\/v2\/pages\/4128","targetHints":{"allow":["GET"]}}],"collection":[{"href":"https:\/\/nebnetwork.org\/fr\/wp-json\/wp\/v2\/pages"}],"about":[{"href":"https:\/\/nebnetwork.org\/fr\/wp-json\/wp\/v2\/types\/page"}],"author":[{"embeddable":true,"href":"https:\/\/nebnetwork.org\/fr\/wp-json\/wp\/v2\/users\/1"}],"replies":[{"embeddable":true,"href":"https:\/\/nebnetwork.org\/fr\/wp-json\/wp\/v2\/comments?post=4128"}],"version-history":[{"count":22,"href":"https:\/\/nebnetwork.org\/fr\/wp-json\/wp\/v2\/pages\/4128\/revisions"}],"predecessor-version":[{"id":4578,"href":"https:\/\/nebnetwork.org\/fr\/wp-json\/wp\/v2\/pages\/4128\/revisions\/4578"}],"wp:attachment":[{"href":"https:\/\/nebnetwork.org\/fr\/wp-json\/wp\/v2\/media?parent=4128"}],"curies":[{"name":"wp","href":"https:\/\/api.w.org\/{rel}","templated":true}]}}